{"id":69,"date":"2025-11-13T19:14:31","date_gmt":"2025-11-13T13:44:31","guid":{"rendered":"https:\/\/printatestpage.net\/?page_id=69"},"modified":"2025-11-13T19:23:32","modified_gmt":"2025-11-13T13:53:32","slug":"cookie-richtlinie","status":"publish","type":"page","link":"https:\/\/printatestpage.net\/de\/cookie-policy\/","title":{"rendered":"Cookie-Richtlinie"},"content":{"rendered":"<p><strong>Zuletzt aktualisiert: November 13, 2025<\/strong><\/p>\n<p>Diese Cookie-Richtlinie erkl\u00e4rt, was Cookies sind und wie wir sie verwenden. Sie sollten diese Richtlinie lesen, damit Sie verstehen, welche Art von Cookies wir verwenden oder welche Informationen wir mit Cookies sammeln und wie diese Informationen verwendet werden.<\/p>\n<p>Cookies enthalten in der Regel keine Informationen, die einen Benutzer pers\u00f6nlich identifizieren, aber pers\u00f6nliche Informationen, die wir \u00fcber Sie speichern, k\u00f6nnen mit den in Cookies gespeicherten und von ihnen erhaltenen Informationen verkn\u00fcpft werden. Weitere Informationen dar\u00fcber, wie wir Ihre pers\u00f6nlichen Daten verwenden, speichern und sicher aufbewahren, finden Sie in unserer <a href=\"https:\/\/printatestpage.net\/de\/datenschutzbestimmungen\/\">Datenschutzbestimmungen<\/a>.<\/p>\n<p>Wir speichern keine sensiblen pers\u00f6nlichen Daten, wie Postadressen, Kontopassw\u00f6rter usw. in den von uns verwendeten Cookies.<\/p>\n<div id=\"ez-toc-container\" class=\"ez-toc-v2_0_82_2 counter-hierarchy ez-toc-counter ez-toc-light-blue ez-toc-container-direction\">\n<div class=\"ez-toc-title-container\">\n<p class=\"ez-toc-title\" style=\"cursor:inherit\">Inhalts\u00fcbersicht<\/p>\n<span class=\"ez-toc-title-toggle\"><a href=\"#\" class=\"ez-toc-pull-right ez-toc-btn ez-toc-btn-xs ez-toc-btn-default ez-toc-toggle\" aria-label=\"Inhaltsverzeichnis umschalten\"><span class=\"ez-toc-js-icon-con\"><span class=\"\"><span class=\"eztoc-hide\" style=\"display:none;\">Umschalten auf<\/span><span class=\"ez-toc-icon-toggle-span\"><svg style=\"fill: #999;color:#999\" xmlns=\"http:\/\/www.w3.org\/2000\/svg\" class=\"list-377408\" width=\"20px\" height=\"20px\" viewbox=\"0 0 24 24\" fill=\"none\"><path d=\"M6 6H4v2h2V6zm14 0H8v2h12V6zM4 11h2v2H4v-2zm16 0H8v2h12v-2zM4 16h2v2H4v-2zm16 0H8v2h12v-2z\" fill=\"currentColor\"><\/path><\/svg><svg style=\"fill: #999;color:#999\" class=\"arrow-unsorted-368013\" xmlns=\"http:\/\/www.w3.org\/2000\/svg\" width=\"10px\" height=\"10px\" viewbox=\"0 0 24 24\" version=\"1.2\" baseprofile=\"tiny\"><path d=\"M18.2 9.3l-6.2-6.3-6.2 6.3c-.2.2-.3.4-.3.7s.1.5.3.7c.2.2.4.3.7.3h11c.3 0 .5-.1.7-.3.2-.2.3-.5.3-.7s-.1-.5-.3-.7zM5.8 14.7l6.2 6.3 6.2-6.3c.2-.2.3-.5.3-.7s-.1-.5-.3-.7c-.2-.2-.4-.3-.7-.3h-11c-.3 0-.5.1-.7.3-.2.2-.3.5-.3.7s.1.5.3.7z\"\/><\/svg><\/span><\/span><\/span><\/a><\/span><\/div>\n<nav><ul class='ez-toc-list ez-toc-list-level-1 eztoc-toggle-hide-by-default' ><li class='ez-toc-page-1 ez-toc-heading-level-2'><a class=\"ez-toc-link ez-toc-heading-1\" href=\"https:\/\/printatestpage.net\/de\/cookie-policy\/#Interpretation_and_Definitions\" >Auslegung und Definitionen<\/a><\/li><li class='ez-toc-page-1 ez-toc-heading-level-2'><a class=\"ez-toc-link ez-toc-heading-2\" href=\"https:\/\/printatestpage.net\/de\/cookie-policy\/#The_use_of_the_Cookies\" >Die Verwendung von Cookies<\/a><\/li><\/ul><\/nav><\/div>\n<h2><span class=\"ez-toc-section\" id=\"Interpretation_and_Definitions\"><\/span>Auslegung und Definitionen<span class=\"ez-toc-section-end\"><\/span><\/h2>\n<h3>Auslegung<\/h3>\n<p>Die W\u00f6rter, deren Anfangsbuchstaben gro\u00df geschrieben sind, haben die unter den nachstehenden Bedingungen definierte Bedeutung. Die folgenden Definitionen haben dieselbe Bedeutung, unabh\u00e4ngig davon, ob sie im Singular oder im Plural stehen.<\/p>\n<h3>Definitionen<\/h3>\n<p>F\u00fcr die Zwecke dieser Cookie-Richtlinie:<\/p>\n<ul>\n<li><strong>Unternehmen<\/strong> (in dieser Cookie-Richtlinie entweder als \u201cdas Unternehmen\u201d, \u201cwir\u201d, \u201cuns\u201d oder \u201cunser\u201d bezeichnet) bezieht sich auf Print A Test Page.<\/li>\n<li><strong>Cookies<\/strong> sind kleine Dateien, die von einer Website auf Ihrem Computer, Ihrem Mobilger\u00e4t oder einem anderen Ger\u00e4t gespeichert werden und u. a. Angaben zu Ihrem Surfverhalten auf dieser Website enthalten.<\/li>\n<li><strong>Website<\/strong> bezieht sich auf Drucken einer Testseite, erreichbar \u00fcber <strong><a href=\"https:\/\/printatestpage.net\/de\/\" target=\"_blank\" rel=\"external nofollow noopener\">https:\/\/printatestpage.net\/<\/a><\/strong><\/li>\n<li><strong>Sie<\/strong> bezeichnet die Einzelperson, die auf die Website zugreift oder sie nutzt, oder ein Unternehmen oder eine juristische Person, in deren Namen eine solche Einzelperson auf die Website zugreift oder sie nutzt, je nach Fall.<\/li>\n<\/ul>\n<h2><span class=\"ez-toc-section\" id=\"The_use_of_the_Cookies\"><\/span>Die Verwendung von Cookies<span class=\"ez-toc-section-end\"><\/span><\/h2>\n<h3>Art der von uns verwendeten Cookies<\/h3>\n<p>Cookies k\u00f6nnen \u201cdauerhafte\u201d oder \u201cSitzungs\u201d-Cookies sein. Dauerhafte Cookies verbleiben auf Ihrem Computer oder Mobilger\u00e4t, wenn Sie offline gehen, w\u00e4hrend Sitzungscookies gel\u00f6scht werden, sobald Sie Ihren Webbrowser schlie\u00dfen.<\/p>\n<p>Wir verwenden sowohl Sitzungscookies als auch dauerhafte Cookies f\u00fcr die unten genannten Zwecke:<\/p>\n<ul>\n<li><strong>Notwendige \/ essentielle Cookies<\/strong>\n<p>Typ: Session-Cookies<\/p>\n<p>Verwaltet von: Us<\/p>\n<p>Zweck: Diese Cookies sind unerl\u00e4sslich, um Ihnen die \u00fcber die Website verf\u00fcgbaren Dienste zur Verf\u00fcgung zu stellen und Ihnen die Nutzung einiger ihrer Funktionen zu erm\u00f6glichen. Sie helfen bei der Authentifizierung von Benutzern und verhindern die betr\u00fcgerische Nutzung von Benutzerkonten. Ohne diese Cookies k\u00f6nnen die von Ihnen angeforderten Dienste nicht bereitgestellt werden, und wir verwenden diese Cookies nur, um Ihnen diese Dienste zur Verf\u00fcgung zu stellen.<\/li>\n<li><strong>Funktionalit\u00e4t Cookies<\/strong>\n<p>Typ: Dauerhafte Cookies<\/p>\n<p>Verwaltet von: Us<\/p>\n<p>Zweck: Diese Cookies erm\u00f6glichen es uns, die von Ihnen bei der Nutzung der Website getroffenen Entscheidungen zu speichern, wie z. B. Ihre Anmeldedaten oder Ihre Spracheinstellung. Der Zweck dieser Cookies ist es, Ihnen eine pers\u00f6nlichere Erfahrung zu bieten und zu vermeiden, dass Sie Ihre Einstellungen jedes Mal neu eingeben m\u00fcssen, wenn Sie die Website nutzen.<\/li>\n<\/ul>\n<h3>Ihre Wahlm\u00f6glichkeiten in Bezug auf Cookies<\/h3>\n<p>Wenn Sie die Verwendung von Cookies auf der Website vermeiden m\u00f6chten, m\u00fcssen Sie zun\u00e4chst die Verwendung von Cookies in Ihrem Browser deaktivieren und dann die in Ihrem Browser gespeicherten Cookies im Zusammenhang mit dieser Website l\u00f6schen. Sie k\u00f6nnen diese Option zur Verhinderung der Verwendung von Cookies jederzeit nutzen.<\/p>\n<p>Wenn Sie unsere Cookies nicht akzeptieren, kann es zu Unannehmlichkeiten bei der Nutzung der Website kommen, und einige Funktionen funktionieren m\u00f6glicherweise nicht richtig.<\/p>\n<p>Wenn Sie Cookies l\u00f6schen oder Ihren Webbrowser anweisen m\u00f6chten, Cookies zu l\u00f6schen oder abzulehnen, besuchen Sie bitte die Hilfeseiten Ihres Webbrowsers.<\/p>\n<ul>\n<li>F\u00fcr den Webbrowser Chrome besuchen Sie bitte diese Seite von Google: <a href=\"https:\/\/support.google.com\/accounts\/answer\/32050\" target=\"_blank\" rel=\"external nofollow noopener\">https:\/\/support.google.com\/accounts\/answer\/32050<\/a><\/li>\n<li>F\u00fcr den Webbrowser Internet Explorer besuchen Sie bitte diese Seite von Microsoft: <a href=\"http:\/\/support.microsoft.com\/kb\/278835\" target=\"_blank\" rel=\"external nofollow noopener\">http:\/\/support.microsoft.com\/kb\/278835<\/a><\/li>\n<li>F\u00fcr den Firefox-Webbrowser besuchen Sie bitte diese Seite von Mozilla: <a href=\"https:\/\/support.mozilla.org\/en-US\/kb\/delete-cookies-remove-info-websites-stored\" target=\"_blank\" rel=\"external nofollow noopener\">https:\/\/support.mozilla.org\/en-US\/kb\/delete-cookies-remove-info-websites-stored<\/a><\/li>\n<li>F\u00fcr den Safari-Webbrowser besuchen Sie bitte diese Seite von Apple: <a href=\"https:\/\/support.apple.com\/guide\/safari\/manage-cookies-and-website-data-sfri11471\/mac\" target=\"_blank\" rel=\"external nofollow noopener\">https:\/\/support.apple.com\/guide\/safari\/manage-cookies-and-website-data-sfri11471\/mac<\/a><\/li>\n<\/ul>\n<p>F\u00fcr alle anderen Webbrowser besuchen Sie bitte die offiziellen Webseiten Ihres Webbrowsers.<\/p>\n<h3>Kontakt<\/h3>\n<p>Wenn Sie Fragen zu dieser Cookie-Politik haben, k\u00f6nnen Sie uns kontaktieren:<\/p>\n<ul>\n<li>Per E-Mail: <a href=\"mailto:contact@printatestpage.net\"><strong>contact@printatestpage.net<\/strong><\/a><\/li>\n<li>Durch den Besuch dieser Seite auf unserer Website: <strong><a href=\"https:\/\/printatestpage.net\/de\/kontakt\/\" target=\"_blank\" rel=\"external nofollow noopener\">https:\/\/printatestpage.net\/contact<\/a><\/strong><\/li>\n<\/ul>","protected":false},"excerpt":{"rendered":"<p>Last updated: November 13, 2025 This Cookies Policy explains what Cookies are and how We use them. You should read this policy so You can understand what type of cookies &#8230; <\/p>\n<p class=\"read-more-container\"><a title=\"Cookie-Richtlinie\" class=\"read-more button\" href=\"https:\/\/printatestpage.net\/de\/cookie-policy\/#more-69\" aria-label=\"Mehr Informationen \u00fcber Cookie Policy\">Mehr lesen<\/a><\/p>","protected":false},"author":1,"featured_media":0,"parent":0,"menu_order":0,"comment_status":"closed","ping_status":"closed","template":"","meta":{"footnotes":""},"categories":[],"tags":[],"class_list":["post-69","page","type-page","status-publish"],"jetpack_sharing_enabled":true,"_links":{"self":[{"href":"https:\/\/printatestpage.net\/de\/wp-json\/wp\/v2\/pages\/69","targetHints":{"allow":["GET"]}}],"collection":[{"href":"https:\/\/printatestpage.net\/de\/wp-json\/wp\/v2\/pages"}],"about":[{"href":"https:\/\/printatestpage.net\/de\/wp-json\/wp\/v2\/types\/page"}],"author":[{"embeddable":true,"href":"https:\/\/printatestpage.net\/de\/wp-json\/wp\/v2\/users\/1"}],"replies":[{"embeddable":true,"href":"https:\/\/printatestpage.net\/de\/wp-json\/wp\/v2\/comments?post=69"}],"version-history":[{"count":3,"href":"https:\/\/printatestpage.net\/de\/wp-json\/wp\/v2\/pages\/69\/revisions"}],"predecessor-version":[{"id":78,"href":"https:\/\/printatestpage.net\/de\/wp-json\/wp\/v2\/pages\/69\/revisions\/78"}],"wp:attachment":[{"href":"https:\/\/printatestpage.net\/de\/wp-json\/wp\/v2\/media?parent=69"}],"wp:term":[{"taxonomy":"category","embeddable":true,"href":"https:\/\/printatestpage.net\/de\/wp-json\/wp\/v2\/categories?post=69"},{"taxonomy":"post_tag","embeddable":true,"href":"https:\/\/printatestpage.net\/de\/wp-json\/wp\/v2\/tags?post=69"}],"curies":[{"name":"wp","href":"https:\/\/api.w.org\/{rel}","templated":true}]}}