{"id":69,"date":"2025-11-13T19:14:31","date_gmt":"2025-11-13T13:44:31","guid":{"rendered":"https:\/\/printatestpage.net\/?page_id=69"},"modified":"2025-11-13T19:23:32","modified_gmt":"2025-11-13T13:53:32","slug":"politica-de-cookies","status":"publish","type":"page","link":"https:\/\/printatestpage.net\/es\/cookie-policy\/","title":{"rendered":"Pol\u00edtica de cookies"},"content":{"rendered":"<p><strong>\u00daltima actualizaci\u00f3n: 13 de noviembre de 2025<\/strong><\/p>\n<p>Esta Pol\u00edtica de Cookies explica qu\u00e9 son las Cookies y c\u00f3mo las utilizamos. Usted debe leer esta pol\u00edtica para poder entender qu\u00e9 tipo de cookies utilizamos, o la informaci\u00f3n que recopilamos utilizando Cookies y c\u00f3mo se utiliza esa informaci\u00f3n.<\/p>\n<p>Las cookies no suelen contener informaci\u00f3n que identifique personalmente a un usuario, pero la informaci\u00f3n personal que almacenamos sobre Usted puede estar vinculada a la informaci\u00f3n almacenada y obtenida de las cookies. Para obtener m\u00e1s informaci\u00f3n sobre c\u00f3mo utilizamos, almacenamos y mantenemos seguros sus datos personales, consulte nuestra Pol\u00edtica de privacidad. <a href=\"https:\/\/printatestpage.net\/es\/politica-de-privacidad\/\">Pol\u00edtica de privacidad<\/a>.<\/p>\n<p>No almacenamos informaci\u00f3n personal sensible, como direcciones de correo, contrase\u00f1as de cuentas, etc. en las cookies que utilizamos.<\/p>\n<div id=\"ez-toc-container\" class=\"ez-toc-v2_0_82_2 counter-hierarchy ez-toc-counter ez-toc-light-blue ez-toc-container-direction\">\n<div class=\"ez-toc-title-container\">\n<p class=\"ez-toc-title\" style=\"cursor:inherit\">\u00cdndice<\/p>\n<span class=\"ez-toc-title-toggle\"><a href=\"#\" class=\"ez-toc-pull-right ez-toc-btn ez-toc-btn-xs ez-toc-btn-default ez-toc-toggle\" aria-label=\"Alternar tabla de contenidos\"><span class=\"ez-toc-js-icon-con\"><span class=\"\"><span class=\"eztoc-hide\" style=\"display:none;\">Toggle<\/span><span class=\"ez-toc-icon-toggle-span\"><svg style=\"fill: #999;color:#999\" xmlns=\"http:\/\/www.w3.org\/2000\/svg\" class=\"list-377408\" width=\"20px\" height=\"20px\" viewbox=\"0 0 24 24\" fill=\"none\"><path d=\"M6 6H4v2h2V6zm14 0H8v2h12V6zM4 11h2v2H4v-2zm16 0H8v2h12v-2zM4 16h2v2H4v-2zm16 0H8v2h12v-2z\" fill=\"currentColor\"><\/path><\/svg><svg style=\"fill: #999;color:#999\" class=\"arrow-unsorted-368013\" xmlns=\"http:\/\/www.w3.org\/2000\/svg\" width=\"10px\" height=\"10px\" viewbox=\"0 0 24 24\" version=\"1.2\" baseprofile=\"tiny\"><path d=\"M18.2 9.3l-6.2-6.3-6.2 6.3c-.2.2-.3.4-.3.7s.1.5.3.7c.2.2.4.3.7.3h11c.3 0 .5-.1.7-.3.2-.2.3-.5.3-.7s-.1-.5-.3-.7zM5.8 14.7l6.2 6.3 6.2-6.3c.2-.2.3-.5.3-.7s-.1-.5-.3-.7c-.2-.2-.4-.3-.7-.3h-11c-.3 0-.5.1-.7.3-.2.2-.3.5-.3.7s.1.5.3.7z\"\/><\/svg><\/span><\/span><\/span><\/a><\/span><\/div>\n<nav><ul class='ez-toc-list ez-toc-list-level-1 eztoc-toggle-hide-by-default' ><li class='ez-toc-page-1 ez-toc-heading-level-2'><a class=\"ez-toc-link ez-toc-heading-1\" href=\"https:\/\/printatestpage.net\/es\/cookie-policy\/#Interpretation_and_Definitions\" >Interpretaci\u00f3n y definiciones<\/a><\/li><li class='ez-toc-page-1 ez-toc-heading-level-2'><a class=\"ez-toc-link ez-toc-heading-2\" href=\"https:\/\/printatestpage.net\/es\/cookie-policy\/#The_use_of_the_Cookies\" >Uso de las cookies<\/a><\/li><\/ul><\/nav><\/div>\n<h2><span class=\"ez-toc-section\" id=\"Interpretation_and_Definitions\"><\/span>Interpretaci\u00f3n y definiciones<span class=\"ez-toc-section-end\"><\/span><\/h2>\n<h3>Interpretaci\u00f3n<\/h3>\n<p>Las palabras cuyas letras iniciales aparecen en may\u00fascula tienen significados definidos en las condiciones siguientes. Las siguientes definiciones tendr\u00e1n el mismo significado independientemente de que aparezcan en singular o en plural.<\/p>\n<h3>Definiciones<\/h3>\n<p>A los efectos de la presente Pol\u00edtica de Cookies:<\/p>\n<ul>\n<li><strong>Empresa<\/strong> (en adelante \u201cla Empresa\u201d, \u201cNosotros\u201d, \u201cNos\u201d o \u201cNuestro\u201d en esta Pol\u00edtica de Cookies) se refiere a Imprimir una p\u00e1gina de prueba.<\/li>\n<li><strong>Cookies<\/strong> se refiere a peque\u00f1os archivos que un sitio web coloca en su ordenador, dispositivo m\u00f3vil o cualquier otro dispositivo, y que contienen detalles de su historial de navegaci\u00f3n en ese sitio web, entre otros muchos usos.<\/li>\n<li><strong>P\u00e1gina web<\/strong> se refiere a Imprimir una p\u00e1gina de prueba, accesible desde <strong><a href=\"https:\/\/printatestpage.net\/es\/\" target=\"_blank\" rel=\"external nofollow noopener\">https:\/\/printatestpage.net\/<\/a><\/strong><\/li>\n<li><strong>Usted<\/strong> se refiere a la persona f\u00edsica que accede o utiliza el Sitio Web, o a una empresa, o a cualquier entidad jur\u00eddica en nombre de la cual dicha persona f\u00edsica accede o utiliza el Sitio Web, seg\u00fan proceda.<\/li>\n<\/ul>\n<h2><span class=\"ez-toc-section\" id=\"The_use_of_the_Cookies\"><\/span>Uso de las cookies<span class=\"ez-toc-section-end\"><\/span><\/h2>\n<h3>Tipo de cookies que utilizamos<\/h3>\n<p>Las cookies pueden ser \u201cpersistentes\u201d o \u201cde sesi\u00f3n\u201d. Las Cookies persistentes permanecen en su ordenador personal o dispositivo m\u00f3vil cuando se desconecta, mientras que las Cookies de sesi\u00f3n se eliminan en cuanto cierra su navegador web.<\/p>\n<p>Utilizamos tanto cookies de sesi\u00f3n como cookies persistentes para los fines que se indican a continuaci\u00f3n:<\/p>\n<ul>\n<li><strong>Cookies necesarias \/ esenciales<\/strong>\n<p>Tipo: Cookies de sesi\u00f3n<\/p>\n<p>Administrado por: Us<\/p>\n<p>Finalidad: Estas Cookies son esenciales para proporcionarle los servicios disponibles a trav\u00e9s del Sitio Web y permitirle utilizar algunas de sus funciones. Ayudan a autenticar a los usuarios y a evitar el uso fraudulento de las cuentas de usuario. Sin estas Cookies, los servicios que Usted ha solicitado no pueden ser proporcionados, y s\u00f3lo utilizamos estas Cookies para proporcionarle dichos servicios.<\/li>\n<li><strong>Cookies de funcionalidad<\/strong>\n<p>Tipo: Cookies persistentes<\/p>\n<p>Administrado por: Us<\/p>\n<p>Finalidad: Estas Cookies nos permiten recordar las elecciones que Usted realiza cuando utiliza el Sitio Web, como recordar sus datos de acceso o su preferencia de idioma. El objetivo de estas Cookies es proporcionarle una experiencia m\u00e1s personal y evitar que tenga que volver a introducir sus preferencias cada vez que utilice el Sitio Web.<\/li>\n<\/ul>\n<h3>Sus opciones con respecto a las cookies<\/h3>\n<p>Si prefiere evitar el uso de Cookies en el Sitio Web, primero debe desactivar el uso de Cookies en su navegador y despu\u00e9s eliminar las Cookies guardadas en su navegador asociadas a este sitio web. Puede utilizar esta opci\u00f3n para evitar el uso de Cookies en cualquier momento.<\/p>\n<p>Si no acepta nuestras cookies, es posible que experimente algunos inconvenientes en el uso del sitio web y que algunas funciones no funcionen correctamente.<\/p>\n<p>Si desea eliminar las cookies o indicar a su navegador que las elimine o rechace, visite las p\u00e1ginas de ayuda de su navegador.<\/p>\n<ul>\n<li>Para el navegador web Chrome, visite esta p\u00e1gina de Google: <a href=\"https:\/\/support.google.com\/accounts\/answer\/32050\" target=\"_blank\" rel=\"external nofollow noopener\">https:\/\/support.google.com\/accounts\/answer\/32050<\/a><\/li>\n<li>Para el navegador Internet Explorer, visite esta p\u00e1gina de Microsoft: <a href=\"http:\/\/support.microsoft.com\/kb\/278835\" target=\"_blank\" rel=\"external nofollow noopener\">http:\/\/support.microsoft.com\/kb\/278835<\/a><\/li>\n<li>Para el navegador Firefox, visite esta p\u00e1gina de Mozilla: <a href=\"https:\/\/support.mozilla.org\/en-US\/kb\/delete-cookies-remove-info-websites-stored\" target=\"_blank\" rel=\"external nofollow noopener\">https:\/\/support.mozilla.org\/en-US\/kb\/delete-cookies-remove-info-websites-stored<\/a><\/li>\n<li>Para el navegador Safari, visite esta p\u00e1gina de Apple: <a href=\"https:\/\/support.apple.com\/guide\/safari\/manage-cookies-and-website-data-sfri11471\/mac\" target=\"_blank\" rel=\"external nofollow noopener\">https:\/\/support.apple.com\/guide\/safari\/manage-cookies-and-website-data-sfri11471\/mac<\/a><\/li>\n<\/ul>\n<p>Para cualquier otro navegador, visite las p\u00e1ginas oficiales de su navegador.<\/p>\n<h3>P\u00f3ngase en contacto con nosotros<\/h3>\n<p>Si tiene alguna pregunta sobre esta Pol\u00edtica de Cookies, puede ponerse en contacto con nosotros:<\/p>\n<ul>\n<li>Por correo electr\u00f3nico: <a href=\"mailto:contact@printatestpage.net\"><strong>contact@printatestpage.net<\/strong><\/a><\/li>\n<li>Visitando esta p\u00e1gina de nuestro sitio web: <strong><a href=\"https:\/\/printatestpage.net\/es\/pongase-en-contacto-con\/\" target=\"_blank\" rel=\"external nofollow noopener\">https:\/\/printatestpage.net\/contact<\/a><\/strong><\/li>\n<\/ul>","protected":false},"excerpt":{"rendered":"<p>Last updated: November 13, 2025 This Cookies Policy explains what Cookies are and how We use them. You should read this policy so You can understand what type of cookies &#8230; <\/p>\n<p class=\"read-more-container\"><a title=\"Pol\u00edtica de cookies\" class=\"read-more button\" href=\"https:\/\/printatestpage.net\/es\/cookie-policy\/#more-69\" aria-label=\"Leer m\u00e1s sobre Cookie Policy\">Seguir leyendo<\/a><\/p>","protected":false},"author":1,"featured_media":0,"parent":0,"menu_order":0,"comment_status":"closed","ping_status":"closed","template":"","meta":{"footnotes":""},"categories":[],"tags":[],"class_list":["post-69","page","type-page","status-publish"],"jetpack_sharing_enabled":true,"_links":{"self":[{"href":"https:\/\/printatestpage.net\/es\/wp-json\/wp\/v2\/pages\/69","targetHints":{"allow":["GET"]}}],"collection":[{"href":"https:\/\/printatestpage.net\/es\/wp-json\/wp\/v2\/pages"}],"about":[{"href":"https:\/\/printatestpage.net\/es\/wp-json\/wp\/v2\/types\/page"}],"author":[{"embeddable":true,"href":"https:\/\/printatestpage.net\/es\/wp-json\/wp\/v2\/users\/1"}],"replies":[{"embeddable":true,"href":"https:\/\/printatestpage.net\/es\/wp-json\/wp\/v2\/comments?post=69"}],"version-history":[{"count":3,"href":"https:\/\/printatestpage.net\/es\/wp-json\/wp\/v2\/pages\/69\/revisions"}],"predecessor-version":[{"id":78,"href":"https:\/\/printatestpage.net\/es\/wp-json\/wp\/v2\/pages\/69\/revisions\/78"}],"wp:attachment":[{"href":"https:\/\/printatestpage.net\/es\/wp-json\/wp\/v2\/media?parent=69"}],"wp:term":[{"taxonomy":"category","embeddable":true,"href":"https:\/\/printatestpage.net\/es\/wp-json\/wp\/v2\/categories?post=69"},{"taxonomy":"post_tag","embeddable":true,"href":"https:\/\/printatestpage.net\/es\/wp-json\/wp\/v2\/tags?post=69"}],"curies":[{"name":"wp","href":"https:\/\/api.w.org\/{rel}","templated":true}]}}