{"id":69,"date":"2025-11-13T19:14:31","date_gmt":"2025-11-13T13:44:31","guid":{"rendered":"https:\/\/printatestpage.net\/?page_id=69"},"modified":"2025-11-13T19:23:32","modified_gmt":"2025-11-13T13:53:32","slug":"politica-de-cookies","status":"publish","type":"page","link":"https:\/\/printatestpage.net\/pt\/cookie-policy\/","title":{"rendered":"Pol\u00edtica de cookies"},"content":{"rendered":"<p><strong>\u00daltima atualiza\u00e7\u00e3o: 13 de novembro de 2025<\/strong><\/p>\n<p>Esta Pol\u00edtica de Cookies explica o que s\u00e3o cookies e como os usamos. Voc\u00ea deve ler esta pol\u00edtica para entender que tipo de cookies usamos, ou as informa\u00e7\u00f5es que coletamos usando cookies e como essas informa\u00e7\u00f5es s\u00e3o usadas.<\/p>\n<p>Normalmente, os cookies n\u00e3o cont\u00eam nenhuma informa\u00e7\u00e3o que identifique pessoalmente um usu\u00e1rio, mas as informa\u00e7\u00f5es pessoais que armazenamos sobre voc\u00ea podem estar vinculadas \u00e0s informa\u00e7\u00f5es armazenadas e obtidas por meio de cookies. Para obter mais informa\u00e7\u00f5es sobre como usamos, armazenamos e mantemos seus dados pessoais seguros, consulte nosso <a href=\"https:\/\/printatestpage.net\/pt\/politica-de-privacidade\/\">Pol\u00edtica de privacidade<\/a>.<\/p>\n<p>N\u00e3o armazenamos informa\u00e7\u00f5es pessoais confidenciais, como endere\u00e7os de correspond\u00eancia, senhas de contas, etc., nos cookies que usamos.<\/p>\n<div id=\"ez-toc-container\" class=\"ez-toc-v2_0_82_2 counter-hierarchy ez-toc-counter ez-toc-light-blue ez-toc-container-direction\">\n<div class=\"ez-toc-title-container\">\n<p class=\"ez-toc-title\" style=\"cursor:inherit\">\u00cdndice<\/p>\n<span class=\"ez-toc-title-toggle\"><a href=\"#\" class=\"ez-toc-pull-right ez-toc-btn ez-toc-btn-xs ez-toc-btn-default ez-toc-toggle\" aria-label=\"Alternar tabela de conte\u00fado\"><span class=\"ez-toc-js-icon-con\"><span class=\"\"><span class=\"eztoc-hide\" style=\"display:none;\">Alternar<\/span><span class=\"ez-toc-icon-toggle-span\"><svg style=\"fill: #999;color:#999\" xmlns=\"http:\/\/www.w3.org\/2000\/svg\" class=\"list-377408\" width=\"20px\" height=\"20px\" viewbox=\"0 0 24 24\" fill=\"none\"><path d=\"M6 6H4v2h2V6zm14 0H8v2h12V6zM4 11h2v2H4v-2zm16 0H8v2h12v-2zM4 16h2v2H4v-2zm16 0H8v2h12v-2z\" fill=\"currentColor\"><\/path><\/svg><svg style=\"fill: #999;color:#999\" class=\"arrow-unsorted-368013\" xmlns=\"http:\/\/www.w3.org\/2000\/svg\" width=\"10px\" height=\"10px\" viewbox=\"0 0 24 24\" version=\"1.2\" baseprofile=\"tiny\"><path d=\"M18.2 9.3l-6.2-6.3-6.2 6.3c-.2.2-.3.4-.3.7s.1.5.3.7c.2.2.4.3.7.3h11c.3 0 .5-.1.7-.3.2-.2.3-.5.3-.7s-.1-.5-.3-.7zM5.8 14.7l6.2 6.3 6.2-6.3c.2-.2.3-.5.3-.7s-.1-.5-.3-.7c-.2-.2-.4-.3-.7-.3h-11c-.3 0-.5.1-.7.3-.2.2-.3.5-.3.7s.1.5.3.7z\"\/><\/svg><\/span><\/span><\/span><\/a><\/span><\/div>\n<nav><ul class='ez-toc-list ez-toc-list-level-1 eztoc-toggle-hide-by-default' ><li class='ez-toc-page-1 ez-toc-heading-level-2'><a class=\"ez-toc-link ez-toc-heading-1\" href=\"https:\/\/printatestpage.net\/pt\/cookie-policy\/#Interpretation_and_Definitions\" >Interpreta\u00e7\u00e3o e defini\u00e7\u00f5es<\/a><\/li><li class='ez-toc-page-1 ez-toc-heading-level-2'><a class=\"ez-toc-link ez-toc-heading-2\" href=\"https:\/\/printatestpage.net\/pt\/cookie-policy\/#The_use_of_the_Cookies\" >O uso dos cookies<\/a><\/li><\/ul><\/nav><\/div>\n<h2><span class=\"ez-toc-section\" id=\"Interpretation_and_Definitions\"><\/span>Interpreta\u00e7\u00e3o e defini\u00e7\u00f5es<span class=\"ez-toc-section-end\"><\/span><\/h2>\n<h3>Interpreta\u00e7\u00e3o<\/h3>\n<p>As palavras cujas letras iniciais est\u00e3o em mai\u00fasculas t\u00eam significados definidos nas seguintes condi\u00e7\u00f5es. As defini\u00e7\u00f5es a seguir ter\u00e3o o mesmo significado, independentemente de aparecerem no singular ou no plural.<\/p>\n<h3>Defini\u00e7\u00f5es<\/h3>\n<p>Para os fins desta Pol\u00edtica de Cookies:<\/p>\n<ul>\n<li><strong>Empresa<\/strong> (referida como \u201ca Empresa\u201d, \u201cN\u00f3s\u201d, \u201cNos\u201d ou \u201cNosso\u201d nesta Pol\u00edtica de Cookies) refere-se \u00e0 Print A Test Page.<\/li>\n<li><strong>Cookies<\/strong> significa pequenos arquivos que s\u00e3o colocados em seu computador, dispositivo m\u00f3vel ou qualquer outro dispositivo por um site, contendo detalhes de seu hist\u00f3rico de navega\u00e7\u00e3o nesse site, entre outros usos.<\/li>\n<li><strong>Site<\/strong> refere-se a Imprimir uma p\u00e1gina de teste, acess\u00edvel em <strong><a href=\"https:\/\/printatestpage.net\/pt\/\" target=\"_blank\" rel=\"external nofollow noopener\">https:\/\/printatestpage.net\/<\/a><\/strong><\/li>\n<li><strong>Voc\u00ea<\/strong> significa o indiv\u00edduo que est\u00e1 acessando ou usando o Site, ou uma empresa, ou qualquer entidade legal em nome da qual esse indiv\u00edduo est\u00e1 acessando ou usando o Site, conforme aplic\u00e1vel.<\/li>\n<\/ul>\n<h2><span class=\"ez-toc-section\" id=\"The_use_of_the_Cookies\"><\/span>O uso dos cookies<span class=\"ez-toc-section-end\"><\/span><\/h2>\n<h3>Tipos de cookies que usamos<\/h3>\n<p>Os cookies podem ser cookies \u201cpersistentes\u201d ou de \u201csess\u00e3o\u201d. Os cookies persistentes permanecem em seu computador pessoal ou dispositivo m\u00f3vel quando voc\u00ea fica off-line, enquanto os cookies de sess\u00e3o s\u00e3o exclu\u00eddos assim que voc\u00ea fecha o navegador da Web.<\/p>\n<p>Usamos cookies persistentes e de sess\u00e3o para as finalidades definidas abaixo:<\/p>\n<ul>\n<li><strong>Cookies necess\u00e1rios\/essenciais<\/strong>\n<p>Tipo: Cookies de sess\u00e3o<\/p>\n<p>Administrado por: N\u00f3s<\/p>\n<p>Objetivo: esses cookies s\u00e3o essenciais para fornecer a voc\u00ea os servi\u00e7os dispon\u00edveis no site e permitir que voc\u00ea use alguns de seus recursos. Eles ajudam a autenticar usu\u00e1rios e a evitar o uso fraudulento de contas de usu\u00e1rio. Sem esses cookies, os servi\u00e7os que voc\u00ea solicitou n\u00e3o podem ser fornecidos, e n\u00f3s s\u00f3 usamos esses cookies para fornecer esses servi\u00e7os a voc\u00ea.<\/li>\n<li><strong>Cookies de funcionalidade<\/strong>\n<p>Tipo: Cookies persistentes<\/p>\n<p>Administrado por: N\u00f3s<\/p>\n<p>Objetivo: esses cookies nos permitem lembrar as escolhas que voc\u00ea faz ao usar o site, como lembrar seus detalhes de login ou prefer\u00eancia de idioma. A finalidade desses cookies \u00e9 proporcionar a Voc\u00ea uma experi\u00eancia mais pessoal e evitar que Voc\u00ea tenha que reinserir suas prefer\u00eancias sempre que usar o Site.<\/li>\n<\/ul>\n<h3>Suas op\u00e7\u00f5es em rela\u00e7\u00e3o aos cookies<\/h3>\n<p>Se preferir evitar o uso de Cookies no Site, primeiro Voc\u00ea dever\u00e1 desativar o uso de Cookies no seu navegador e, em seguida, excluir os Cookies salvos no seu navegador associados a este site. Voc\u00ea pode usar essa op\u00e7\u00e3o para impedir o uso de Cookies a qualquer momento.<\/p>\n<p>Se voc\u00ea n\u00e3o aceitar nossos cookies, poder\u00e1 ter alguns inconvenientes no uso do site e alguns recursos poder\u00e3o n\u00e3o funcionar corretamente.<\/p>\n<p>Se quiser excluir cookies ou instruir seu navegador da Web a excluir ou recusar cookies, visite as p\u00e1ginas de ajuda do seu navegador da Web.<\/p>\n<ul>\n<li>Para o navegador da Web Chrome, visite esta p\u00e1gina do Google: <a href=\"https:\/\/support.google.com\/accounts\/answer\/32050\" target=\"_blank\" rel=\"external nofollow noopener\">https:\/\/support.google.com\/accounts\/answer\/32050<\/a><\/li>\n<li>Para o navegador da Web Internet Explorer, visite esta p\u00e1gina da Microsoft: <a href=\"http:\/\/support.microsoft.com\/kb\/278835\" target=\"_blank\" rel=\"external nofollow noopener\">http:\/\/support.microsoft.com\/kb\/278835<\/a><\/li>\n<li>Para o navegador da Web Firefox, visite esta p\u00e1gina da Mozilla: <a href=\"https:\/\/support.mozilla.org\/en-US\/kb\/delete-cookies-remove-info-websites-stored\" target=\"_blank\" rel=\"external nofollow noopener\">https:\/\/support.mozilla.org\/en-US\/kb\/delete-cookies-remove-info-websites-stored<\/a><\/li>\n<li>Para o navegador Safari, visite esta p\u00e1gina da Apple: <a href=\"https:\/\/support.apple.com\/guide\/safari\/manage-cookies-and-website-data-sfri11471\/mac\" target=\"_blank\" rel=\"external nofollow noopener\">https:\/\/support.apple.com\/guide\/safari\/manage-cookies-and-website-data-sfri11471\/mac<\/a><\/li>\n<\/ul>\n<p>Para qualquer outro navegador da Web, visite as p\u00e1ginas oficiais do seu navegador.<\/p>\n<h3>Entre em contato conosco<\/h3>\n<p>Se tiver alguma d\u00favida sobre esta Pol\u00edtica de Cookies, entre em contato conosco:<\/p>\n<ul>\n<li>Por e-mail: <a href=\"mailto:contact@printatestpage.net\"><strong>contact@printatestpage.net<\/strong><\/a><\/li>\n<li>Acessando esta p\u00e1gina em nosso site: <strong><a href=\"https:\/\/printatestpage.net\/pt\/contato\/\" target=\"_blank\" rel=\"external nofollow noopener\">https:\/\/printatestpage.net\/contact<\/a><\/strong><\/li>\n<\/ul>","protected":false},"excerpt":{"rendered":"<p>Last updated: November 13, 2025 This Cookies Policy explains what Cookies are and how We use them. You should read this policy so You can understand what type of cookies &#8230; <\/p>\n<p class=\"read-more-container\"><a title=\"Pol\u00edtica de cookies\" class=\"read-more button\" href=\"https:\/\/printatestpage.net\/pt\/cookie-policy\/#more-69\" aria-label=\"Read more about Cookie Policy\">Leia mais<\/a><\/p>","protected":false},"author":1,"featured_media":0,"parent":0,"menu_order":0,"comment_status":"closed","ping_status":"closed","template":"","meta":{"footnotes":""},"categories":[],"tags":[],"class_list":["post-69","page","type-page","status-publish"],"jetpack_sharing_enabled":true,"_links":{"self":[{"href":"https:\/\/printatestpage.net\/pt\/wp-json\/wp\/v2\/pages\/69","targetHints":{"allow":["GET"]}}],"collection":[{"href":"https:\/\/printatestpage.net\/pt\/wp-json\/wp\/v2\/pages"}],"about":[{"href":"https:\/\/printatestpage.net\/pt\/wp-json\/wp\/v2\/types\/page"}],"author":[{"embeddable":true,"href":"https:\/\/printatestpage.net\/pt\/wp-json\/wp\/v2\/users\/1"}],"replies":[{"embeddable":true,"href":"https:\/\/printatestpage.net\/pt\/wp-json\/wp\/v2\/comments?post=69"}],"version-history":[{"count":3,"href":"https:\/\/printatestpage.net\/pt\/wp-json\/wp\/v2\/pages\/69\/revisions"}],"predecessor-version":[{"id":78,"href":"https:\/\/printatestpage.net\/pt\/wp-json\/wp\/v2\/pages\/69\/revisions\/78"}],"wp:attachment":[{"href":"https:\/\/printatestpage.net\/pt\/wp-json\/wp\/v2\/media?parent=69"}],"wp:term":[{"taxonomy":"category","embeddable":true,"href":"https:\/\/printatestpage.net\/pt\/wp-json\/wp\/v2\/categories?post=69"},{"taxonomy":"post_tag","embeddable":true,"href":"https:\/\/printatestpage.net\/pt\/wp-json\/wp\/v2\/tags?post=69"}],"curies":[{"name":"wp","href":"https:\/\/api.w.org\/{rel}","templated":true}]}}